{"id":6911,"date":"2025-01-09T19:01:27","date_gmt":"2025-01-09T17:01:27","guid":{"rendered":"https:\/\/www.ristorovegano.it\/contatti\/"},"modified":"2026-02-25T16:31:21","modified_gmt":"2026-02-25T14:31:21","slug":"contact-us","status":"publish","type":"page","link":"https:\/\/www.ristorovegano.it\/en\/contact-us\/","title":{"rendered":"Contact Us"},"content":{"rendered":"\t\t<div data-elementor-type=\"wp-page\" data-elementor-id=\"6911\" class=\"elementor elementor-6911 elementor-4453\" data-elementor-post-type=\"page\">\n\t\t\t\t<div class=\"elementor-element elementor-element-10739e5 e-con-full e-flex e-con e-parent\" data-id=\"10739e5\" data-element_type=\"container\" data-e-type=\"container\">\n\t\t\t\t<div class=\"elementor-element elementor-element-c0e1027 elementor--h-position-center elementor--v-position-middle elementor-arrows-position-inside elementor-pagination-position-inside elementor-widget elementor-widget-slides\" data-id=\"c0e1027\" data-element_type=\"widget\" data-e-type=\"widget\" data-settings=\"{&quot;navigation&quot;:&quot;both&quot;,&quot;transition&quot;:&quot;slide&quot;,&quot;transition_speed&quot;:500}\" data-widget_type=\"slides.default\">\n\t\t\t\t<div class=\"elementor-widget-container\">\n\t\t\t\t\t\t\t\t\t<div class=\"elementor-swiper\">\n\t\t\t\t\t<div class=\"elementor-slides-wrapper elementor-main-swiper swiper\" role=\"region\" aria-roledescription=\"carousel\" aria-label=\"Slides\" dir=\"ltr\" data-animation=\"zoomIn\">\n\t\t\t\t<div class=\"swiper-wrapper elementor-slides\">\n\t\t\t\t\t\t\t\t\t\t<div class=\"elementor-repeater-item-bd35158 swiper-slide\" role=\"group\" aria-roledescription=\"slide\"><div class=\"swiper-slide-bg\" role=\"img\" aria-label=\"contatti-header\"><\/div><div class=\"swiper-slide-inner\" ><div class=\"swiper-slide-contents\"><div class=\"elementor-slide-heading\"><b>RISTORO<\/b><br>vegano<\/div><h1 class=\"elementor-slide-description\">WHERE WE ARE<\/h1><\/div><\/div><\/div>\t\t\t\t<\/div>\n\t\t\t\t\t\t\t<\/div>\n\t\t\t\t<\/div>\n\t\t\t\t\t\t\t\t<\/div>\n\t\t\t\t<\/div>\n\t\t\t\t<\/div>\n\t\t<div class=\"elementor-element elementor-element-fa0bd39 e-flex e-con-boxed e-con e-parent\" data-id=\"fa0bd39\" data-element_type=\"container\" data-e-type=\"container\">\n\t\t\t\t\t<div class=\"e-con-inner\">\n\t\t<div class=\"elementor-element elementor-element-7a29f3c e-con-full e-flex e-con e-child\" data-id=\"7a29f3c\" data-element_type=\"container\" data-e-type=\"container\">\n\t\t\t\t<div class=\"elementor-element elementor-element-70c4c69 elementor-widget elementor-widget-heading\" data-id=\"70c4c69\" data-element_type=\"widget\" data-e-type=\"widget\" data-widget_type=\"heading.default\">\n\t\t\t\t<div class=\"elementor-widget-container\">\n\t\t\t\t\t<h2 class=\"elementor-heading-title elementor-size-default\">Where we are and opening hours<\/h2>\t\t\t\t<\/div>\n\t\t\t\t<\/div>\n\t\t\t\t<div class=\"elementor-element elementor-element-ea454bb elementor-widget elementor-widget-text-editor\" data-id=\"ea454bb\" data-element_type=\"widget\" data-e-type=\"widget\" data-widget_type=\"text-editor.default\">\n\t\t\t\t<div class=\"elementor-widget-container\">\n\t\t\t\t\t\t\t\t\t<p><strong>RISTORO VEGANO<\/strong><br \/>Ripa di Porta Ticinese 77,<br \/>20143 Milan<br \/>at Scuola SIMO<\/p><p>Internal Courtyard, 1st floor<br \/>MM2 Porta Genova stop<\/p><p>Phone and <strong>Whatsapp<\/strong> 393 5284646<\/p><p>Open for lunch from Tuesday to Friday from 12:00 to 14:30.<br \/>Saturday and Sunday open from 13:00 to 14:30, by reservation.<\/p><p>On request, we organize corporate events, private parties, birthdays&#8230;.<\/p><p>MONDAY WE ARE CLOSED<\/p>\t\t\t\t\t\t\t\t<\/div>\n\t\t\t\t<\/div>\n\t\t\t\t<div class=\"elementor-element elementor-element-cebfa67 elementor-widget elementor-widget-heading\" data-id=\"cebfa67\" data-element_type=\"widget\" data-e-type=\"widget\" data-widget_type=\"heading.default\">\n\t\t\t\t<div class=\"elementor-widget-container\">\n\t\t\t\t\t<h3 class=\"elementor-heading-title elementor-size-default\">Click on the map to see how to reach us<\/h3>\t\t\t\t<\/div>\n\t\t\t\t<\/div>\n\t\t\t\t<div class=\"elementor-element elementor-element-43dbb24 elementor-widget elementor-widget-spacer\" data-id=\"43dbb24\" data-element_type=\"widget\" data-e-type=\"widget\" data-widget_type=\"spacer.default\">\n\t\t\t\t<div class=\"elementor-widget-container\">\n\t\t\t\t\t\t\t<div class=\"elementor-spacer\">\n\t\t\t<div class=\"elementor-spacer-inner\"><\/div>\n\t\t<\/div>\n\t\t\t\t\t\t<\/div>\n\t\t\t\t<\/div>\n\t\t\t\t<\/div>\n\t\t<div class=\"elementor-element elementor-element-6f6d223 e-con-full e-flex e-con e-child\" data-id=\"6f6d223\" data-element_type=\"container\" data-e-type=\"container\">\n\t\t\t\t<div class=\"elementor-element elementor-element-1dbe546 elementor-widget elementor-widget-menu-anchor\" data-id=\"1dbe546\" data-element_type=\"widget\" data-e-type=\"widget\" data-widget_type=\"menu-anchor.default\">\n\t\t\t\t<div class=\"elementor-widget-container\">\n\t\t\t\t\t\t\t<div class=\"elementor-menu-anchor\" id=\"cartina\"><\/div>\n\t\t\t\t\t\t<\/div>\n\t\t\t\t<\/div>\n\t\t\t\t<div class=\"elementor-element elementor-element-2f37408 elementor-widget elementor-widget-video\" data-id=\"2f37408\" data-element_type=\"widget\" data-e-type=\"widget\" data-settings=\"{&quot;video_type&quot;:&quot;hosted&quot;,&quot;show_image_overlay&quot;:&quot;yes&quot;,&quot;image_overlay&quot;:{&quot;url&quot;:&quot;https:\\\/\\\/www.ristorovegano.it\\\/wp-content\\\/uploads\\\/2025\\\/03\\\/cover-video-dove-siamo.jpg&quot;,&quot;id&quot;:6854,&quot;size&quot;:&quot;&quot;,&quot;alt&quot;:&quot;&quot;,&quot;source&quot;:&quot;library&quot;},&quot;controls&quot;:&quot;yes&quot;}\" data-widget_type=\"video.default\">\n\t\t\t\t<div class=\"elementor-widget-container\">\n\t\t\t\t\t\t\t<div class=\"e-hosted-video elementor-wrapper elementor-open-inline\">\n\t\t\t\t\t<video class=\"elementor-video\" src=\"https:\/\/www.ristorovegano.it\/wp-content\/uploads\/2025\/02\/andiamo-al-ristorosala.mp4\" controls=\"\" preload=\"metadata\" controlsList=\"nodownload\"><\/video>\n\t\t\t\t\t\t<div class=\"elementor-custom-embed-image-overlay\" style=\"background-image: url(https:\/\/www.ristorovegano.it\/wp-content\/uploads\/2025\/03\/cover-video-dove-siamo.jpg);\">\n\t\t\t\t\t\t\t\t\t\t\t\t\t\t<\/div>\n\t\t\t\t\t<\/div>\n\t\t\t\t\t\t<\/div>\n\t\t\t\t<\/div>\n\t\t\t\t<\/div>\n\t\t\t\t\t<\/div>\n\t\t\t\t<\/div>\n\t\t<div class=\"elementor-element elementor-element-bdc53f3 e-flex e-con-boxed e-con e-parent\" data-id=\"bdc53f3\" data-element_type=\"container\" data-e-type=\"container\">\n\t\t\t\t\t<div class=\"e-con-inner\">\n\t\t<div class=\"elementor-element elementor-element-a127505 e-con-full e-flex e-con e-child\" data-id=\"a127505\" data-element_type=\"container\" data-e-type=\"container\">\n\t\t\t\t<div class=\"elementor-element elementor-element-997f962 elementor-widget elementor-widget-heading\" data-id=\"997f962\" data-element_type=\"widget\" data-e-type=\"widget\" data-widget_type=\"heading.default\">\n\t\t\t\t<div class=\"elementor-widget-container\">\n\t\t\t\t\t<p class=\"elementor-heading-title elementor-size-default\">Do you need information? Write to us!<\/p>\t\t\t\t<\/div>\n\t\t\t\t<\/div>\n\t\t\t\t<div class=\"elementor-element elementor-element-06146f4 elementor-button-align-stretch elementor-widget elementor-widget-form\" data-id=\"06146f4\" data-element_type=\"widget\" data-e-type=\"widget\" data-settings=\"{&quot;step_next_label&quot;:&quot;Successivo&quot;,&quot;step_previous_label&quot;:&quot;Precedente&quot;,&quot;button_width&quot;:&quot;100&quot;,&quot;step_type&quot;:&quot;number_text&quot;,&quot;step_icon_shape&quot;:&quot;circle&quot;}\" data-widget_type=\"form.default\">\n\t\t\t\t<div class=\"elementor-widget-container\">\n\t\t\t\t\t\t\t<form class=\"elementor-form\" method=\"post\" name=\"Nuovo modulo\" aria-label=\"Nuovo modulo\">\n\t\t\t<input type=\"hidden\" name=\"post_id\" value=\"6911\"\/>\n\t\t\t<input type=\"hidden\" name=\"form_id\" value=\"06146f4\"\/>\n\t\t\t<input type=\"hidden\" name=\"referer_title\" value=\"Ristoro Vegano\" \/>\n\n\t\t\t\n\t\t\t<div class=\"elementor-form-fields-wrapper elementor-labels-above\">\n\t\t\t\t\t\t\t\t<div class=\"elementor-field-type-text elementor-field-group elementor-column elementor-field-group-name elementor-col-50 elementor-field-required elementor-mark-required\">\n\t\t\t\t\t\t\t\t\t\t\t\t<label for=\"form-field-name\" class=\"elementor-field-label\">\n\t\t\t\t\t\t\t\tWrite your name\t\t\t\t\t\t\t<\/label>\n\t\t\t\t\t\t\t\t\t\t\t\t\t\t<input size=\"1\" type=\"text\" name=\"form_fields[name]\" id=\"form-field-name\" class=\"elementor-field elementor-size-sm  elementor-field-textual\" placeholder=\"Name\" required=\"required\">\n\t\t\t\t\t\t\t\t\t\t\t<\/div>\n\t\t\t\t\t\t\t\t<div class=\"elementor-field-type-text elementor-field-group elementor-column elementor-field-group-field_5d1b6a7 elementor-col-50 elementor-field-required elementor-mark-required\">\n\t\t\t\t\t\t\t\t\t\t\t\t<label for=\"form-field-field_5d1b6a7\" class=\"elementor-field-label\">\n\t\t\t\t\t\t\t\tWrite your surname\t\t\t\t\t\t\t<\/label>\n\t\t\t\t\t\t\t\t\t\t\t\t\t\t<input size=\"1\" type=\"text\" name=\"form_fields[field_5d1b6a7]\" id=\"form-field-field_5d1b6a7\" class=\"elementor-field elementor-size-sm  elementor-field-textual\" placeholder=\"Surname\" required=\"required\">\n\t\t\t\t\t\t\t\t\t\t\t<\/div>\n\t\t\t\t\t\t\t\t<div class=\"elementor-field-type-email elementor-field-group elementor-column elementor-field-group-email elementor-col-100 elementor-field-required elementor-mark-required\">\n\t\t\t\t\t\t\t\t\t\t\t\t<label for=\"form-field-email\" class=\"elementor-field-label\">\n\t\t\t\t\t\t\t\tWrite your e-mail\t\t\t\t\t\t\t<\/label>\n\t\t\t\t\t\t\t\t\t\t\t\t\t\t<input size=\"1\" type=\"email\" name=\"form_fields[email]\" id=\"form-field-email\" class=\"elementor-field elementor-size-sm  elementor-field-textual\" placeholder=\"E-mail\" required=\"required\">\n\t\t\t\t\t\t\t\t\t\t\t<\/div>\n\t\t\t\t\t\t\t\t<div class=\"elementor-field-type-textarea elementor-field-group elementor-column elementor-field-group-message elementor-col-100 elementor-field-required elementor-mark-required\">\n\t\t\t\t\t\t\t\t\t\t\t\t<label for=\"form-field-message\" class=\"elementor-field-label\">\n\t\t\t\t\t\t\t\tWrite your message\t\t\t\t\t\t\t<\/label>\n\t\t\t\t\t\t<textarea class=\"elementor-field-textual elementor-field  elementor-size-sm\" name=\"form_fields[message]\" id=\"form-field-message\" rows=\"4\" placeholder=\"Message\" required=\"required\"><\/textarea>\t\t\t\t<\/div>\n\t\t\t\t\t\t\t\t<div class=\"elementor-field-type-acceptance elementor-field-group elementor-column elementor-field-group-field_706d6d6 elementor-col-100\">\n\t\t\t\t\t\t\t<div class=\"elementor-field-subgroup\">\n\t\t\t<span class=\"elementor-field-option\">\n\t\t\t\t<input type=\"checkbox\" name=\"form_fields[field_706d6d6]\" id=\"form-field-field_706d6d6\" class=\"elementor-field elementor-size-sm  elementor-acceptance-field\">\n\t\t\t\t<label for=\"form-field-field_706d6d6\">I agree to the processing of my personal data in accordance with applicable data protection laws (such as the GDPR). The information provided will be used solely for the purpose of responding to my request.<\/label>\t\t\t<\/span>\n\t\t<\/div>\n\t\t\t\t\t\t<\/div>\n\t\t\t\t\t\t\t\t<div class=\"elementor-field-group elementor-column elementor-field-type-submit elementor-col-100 e-form__buttons\">\n\t\t\t\t\t<button class=\"elementor-button elementor-size-sm\" type=\"submit\">\n\t\t\t\t\t\t<span class=\"elementor-button-content-wrapper\">\n\t\t\t\t\t\t\t\t\t\t\t\t\t\t\t\t\t\t\t\t\t\t<span class=\"elementor-button-text\">Send<\/span>\n\t\t\t\t\t\t\t\t\t\t\t\t\t<\/span>\n\t\t\t\t\t<\/button>\n\t\t\t\t<\/div>\n\t\t\t<\/div>\n\t\t<\/form>\n\t\t\t\t\t\t<\/div>\n\t\t\t\t<\/div>\n\t\t\t\t<div class=\"elementor-element elementor-element-4a34a7a elementor-widget elementor-widget-spacer\" data-id=\"4a34a7a\" data-element_type=\"widget\" data-e-type=\"widget\" data-widget_type=\"spacer.default\">\n\t\t\t\t<div class=\"elementor-widget-container\">\n\t\t\t\t\t\t\t<div class=\"elementor-spacer\">\n\t\t\t<div class=\"elementor-spacer-inner\"><\/div>\n\t\t<\/div>\n\t\t\t\t\t\t<\/div>\n\t\t\t\t<\/div>\n\t\t\t\t<\/div>\n\t\t<div class=\"elementor-element elementor-element-58d0561 e-con-full e-flex e-con e-child\" data-id=\"58d0561\" data-element_type=\"container\" data-e-type=\"container\">\n\t\t\t\t<div class=\"elementor-element elementor-element-bb0f784 elementor-widget elementor-widget-image\" data-id=\"bb0f784\" data-element_type=\"widget\" data-e-type=\"widget\" data-widget_type=\"image.default\">\n\t\t\t\t<div class=\"elementor-widget-container\">\n\t\t\t\t\t\t\t\t\t\t\t\t\t\t\t<img fetchpriority=\"high\" decoding=\"async\" width=\"768\" height=\"1024\" src=\"https:\/\/www.ristorovegano.it\/wp-content\/uploads\/2025\/01\/ingresso-IMG_3868-mod-768x1024.jpg\" class=\"attachment-large size-large wp-image-6835\" alt=\"\" srcset=\"https:\/\/www.ristorovegano.it\/wp-content\/uploads\/2025\/01\/ingresso-IMG_3868-mod-768x1024.jpg 768w, https:\/\/www.ristorovegano.it\/wp-content\/uploads\/2025\/01\/ingresso-IMG_3868-mod-225x300.jpg 225w, https:\/\/www.ristorovegano.it\/wp-content\/uploads\/2025\/01\/ingresso-IMG_3868-mod-1152x1536.jpg 1152w, https:\/\/www.ristorovegano.it\/wp-content\/uploads\/2025\/01\/ingresso-IMG_3868-mod-1536x2048.jpg 1536w, https:\/\/www.ristorovegano.it\/wp-content\/uploads\/2025\/01\/ingresso-IMG_3868-mod-600x800.jpg 600w, https:\/\/www.ristorovegano.it\/wp-content\/uploads\/2025\/01\/ingresso-IMG_3868-mod-scaled.jpg 1920w\" sizes=\"(max-width: 768px) 100vw, 768px\" \/>\t\t\t\t\t\t\t\t\t\t\t\t\t\t\t<\/div>\n\t\t\t\t<\/div>\n\t\t\t\t<\/div>\n\t\t\t\t\t<\/div>\n\t\t\t\t<\/div>\n\t\t\t\t<\/div>\n\t\t","protected":false},"excerpt":{"rendered":"<p>RISTOROvegano WHERE WE ARE Where we are and opening hours RISTORO VEGANORipa di Porta Ticinese 77,20143 Milanat Scuola SIMO Internal Courtyard, 1st floorMM2 Porta Genova stop Phone and Whatsapp 393 5284646 Open for lunch from Tuesday to Friday from 12:00 to 14:30.Saturday and Sunday open from 13:00 to 14:30, by reservation. On request, we organize [&hellip;]<\/p>\n","protected":false},"author":2,"featured_media":0,"parent":0,"menu_order":0,"comment_status":"closed","ping_status":"closed","template":"","meta":{"footnotes":""},"class_list":["post-6911","page","type-page","status-publish","hentry"],"yoast_head":"<!-- This site is optimized with the Yoast SEO plugin v27.3 - https:\/\/yoast.com\/product\/yoast-seo-wordpress\/ -->\n<title>Contact Us - Ristoro Vegano<\/title>\n<meta name=\"description\" content=\"Aperti a pranzo da Marted\u00ec a Venerd\u00ec dalle 12:00 alle 14:30. Sabato e Domenica dalle 13:00 alle 14:30, su prenotazione. Natural Coworking da Marted\u00ec a Venerd\u00ec dalle 9:30 alle 16:30.\" \/>\n<meta name=\"robots\" content=\"index, follow, max-snippet:-1, max-image-preview:large, max-video-preview:-1\" \/>\n<link rel=\"canonical\" href=\"https:\/\/www.ristorovegano.it\/en\/contact-us\/\" \/>\n<meta property=\"og:locale\" content=\"en_US\" \/>\n<meta property=\"og:type\" content=\"article\" \/>\n<meta property=\"og:title\" content=\"Contact Us - Ristoro Vegano\" \/>\n<meta property=\"og:description\" content=\"Aperti a pranzo da Marted\u00ec a Venerd\u00ec dalle 12:00 alle 14:30. Sabato e Domenica dalle 13:00 alle 14:30, su prenotazione. Natural Coworking da Marted\u00ec a Venerd\u00ec dalle 9:30 alle 16:30.\" \/>\n<meta property=\"og:url\" content=\"https:\/\/www.ristorovegano.it\/en\/contact-us\/\" \/>\n<meta property=\"og:site_name\" content=\"Ristoro Vegano\" \/>\n<meta property=\"article:modified_time\" content=\"2026-02-25T14:31:21+00:00\" \/>\n<meta property=\"og:image\" content=\"https:\/\/www.ristorovegano.it\/wp-content\/uploads\/2025\/01\/ingresso-IMG_3868-mod-scaled.jpg\" \/>\n\t<meta property=\"og:image:width\" content=\"1920\" \/>\n\t<meta property=\"og:image:height\" content=\"2560\" \/>\n\t<meta property=\"og:image:type\" content=\"image\/jpeg\" \/>\n<meta name=\"twitter:card\" content=\"summary_large_image\" \/>\n<meta name=\"twitter:label1\" content=\"Est. reading time\" \/>\n\t<meta name=\"twitter:data1\" content=\"1 minute\" \/>\n<script type=\"application\/ld+json\" class=\"yoast-schema-graph\">{\"@context\":\"https:\\\/\\\/schema.org\",\"@graph\":[{\"@type\":\"WebPage\",\"@id\":\"https:\\\/\\\/www.ristorovegano.it\\\/en\\\/contact-us\\\/\",\"url\":\"https:\\\/\\\/www.ristorovegano.it\\\/en\\\/contact-us\\\/\",\"name\":\"Contact Us - Ristoro Vegano\",\"isPartOf\":{\"@id\":\"https:\\\/\\\/www.ristorovegano.it\\\/en\\\/#website\"},\"primaryImageOfPage\":{\"@id\":\"https:\\\/\\\/www.ristorovegano.it\\\/en\\\/contact-us\\\/#primaryimage\"},\"image\":{\"@id\":\"https:\\\/\\\/www.ristorovegano.it\\\/en\\\/contact-us\\\/#primaryimage\"},\"thumbnailUrl\":\"https:\\\/\\\/www.ristorovegano.it\\\/wp-content\\\/uploads\\\/2025\\\/01\\\/ingresso-IMG_3868-mod-768x1024.jpg\",\"datePublished\":\"2025-01-09T17:01:27+00:00\",\"dateModified\":\"2026-02-25T14:31:21+00:00\",\"description\":\"Aperti a pranzo da Marted\u00ec a Venerd\u00ec dalle 12:00 alle 14:30. Sabato e Domenica dalle 13:00 alle 14:30, su prenotazione. Natural Coworking da Marted\u00ec a Venerd\u00ec dalle 9:30 alle 16:30.\",\"breadcrumb\":{\"@id\":\"https:\\\/\\\/www.ristorovegano.it\\\/en\\\/contact-us\\\/#breadcrumb\"},\"inLanguage\":\"en-US\",\"potentialAction\":[{\"@type\":\"ReadAction\",\"target\":[\"https:\\\/\\\/www.ristorovegano.it\\\/en\\\/contact-us\\\/\"]}]},{\"@type\":\"ImageObject\",\"inLanguage\":\"en-US\",\"@id\":\"https:\\\/\\\/www.ristorovegano.it\\\/en\\\/contact-us\\\/#primaryimage\",\"url\":\"https:\\\/\\\/www.ristorovegano.it\\\/wp-content\\\/uploads\\\/2025\\\/01\\\/ingresso-IMG_3868-mod-768x1024.jpg\",\"contentUrl\":\"https:\\\/\\\/www.ristorovegano.it\\\/wp-content\\\/uploads\\\/2025\\\/01\\\/ingresso-IMG_3868-mod-768x1024.jpg\"},{\"@type\":\"BreadcrumbList\",\"@id\":\"https:\\\/\\\/www.ristorovegano.it\\\/en\\\/contact-us\\\/#breadcrumb\",\"itemListElement\":[{\"@type\":\"ListItem\",\"position\":1,\"name\":\"Home\",\"item\":\"https:\\\/\\\/www.ristorovegano.it\\\/en\\\/\"},{\"@type\":\"ListItem\",\"position\":2,\"name\":\"Contact Us\"}]},{\"@type\":\"WebSite\",\"@id\":\"https:\\\/\\\/www.ristorovegano.it\\\/en\\\/#website\",\"url\":\"https:\\\/\\\/www.ristorovegano.it\\\/en\\\/\",\"name\":\"Ristoro Vegano\",\"description\":\"Energia Vitale\",\"publisher\":{\"@id\":\"https:\\\/\\\/www.ristorovegano.it\\\/en\\\/#organization\"},\"potentialAction\":[{\"@type\":\"SearchAction\",\"target\":{\"@type\":\"EntryPoint\",\"urlTemplate\":\"https:\\\/\\\/www.ristorovegano.it\\\/en\\\/?s={search_term_string}\"},\"query-input\":{\"@type\":\"PropertyValueSpecification\",\"valueRequired\":true,\"valueName\":\"search_term_string\"}}],\"inLanguage\":\"en-US\"},{\"@type\":\"Organization\",\"@id\":\"https:\\\/\\\/www.ristorovegano.it\\\/en\\\/#organization\",\"name\":\"Ristoro Vegano\",\"url\":\"https:\\\/\\\/www.ristorovegano.it\\\/en\\\/\",\"logo\":{\"@type\":\"ImageObject\",\"inLanguage\":\"en-US\",\"@id\":\"https:\\\/\\\/www.ristorovegano.it\\\/en\\\/#\\\/schema\\\/logo\\\/image\\\/\",\"url\":\"https:\\\/\\\/www.ristorovegano.it\\\/wp-content\\\/uploads\\\/2023\\\/09\\\/cropped-230919_Ristoro_Vegano_1_OK.png\",\"contentUrl\":\"https:\\\/\\\/www.ristorovegano.it\\\/wp-content\\\/uploads\\\/2023\\\/09\\\/cropped-230919_Ristoro_Vegano_1_OK.png\",\"width\":2290,\"height\":2174,\"caption\":\"Ristoro Vegano\"},\"image\":{\"@id\":\"https:\\\/\\\/www.ristorovegano.it\\\/en\\\/#\\\/schema\\\/logo\\\/image\\\/\"}}]}<\/script>\n<!-- \/ Yoast SEO plugin. -->","yoast_head_json":{"title":"Contact Us - Ristoro Vegano","description":"Aperti a pranzo da Marted\u00ec a Venerd\u00ec dalle 12:00 alle 14:30. Sabato e Domenica dalle 13:00 alle 14:30, su prenotazione. Natural Coworking da Marted\u00ec a Venerd\u00ec dalle 9:30 alle 16:30.","robots":{"index":"index","follow":"follow","max-snippet":"max-snippet:-1","max-image-preview":"max-image-preview:large","max-video-preview":"max-video-preview:-1"},"canonical":"https:\/\/www.ristorovegano.it\/en\/contact-us\/","og_locale":"en_US","og_type":"article","og_title":"Contact Us - Ristoro Vegano","og_description":"Aperti a pranzo da Marted\u00ec a Venerd\u00ec dalle 12:00 alle 14:30. Sabato e Domenica dalle 13:00 alle 14:30, su prenotazione. Natural Coworking da Marted\u00ec a Venerd\u00ec dalle 9:30 alle 16:30.","og_url":"https:\/\/www.ristorovegano.it\/en\/contact-us\/","og_site_name":"Ristoro Vegano","article_modified_time":"2026-02-25T14:31:21+00:00","og_image":[{"width":1920,"height":2560,"url":"https:\/\/www.ristorovegano.it\/wp-content\/uploads\/2025\/01\/ingresso-IMG_3868-mod-scaled.jpg","type":"image\/jpeg"}],"twitter_card":"summary_large_image","twitter_misc":{"Est. reading time":"1 minute"},"schema":{"@context":"https:\/\/schema.org","@graph":[{"@type":"WebPage","@id":"https:\/\/www.ristorovegano.it\/en\/contact-us\/","url":"https:\/\/www.ristorovegano.it\/en\/contact-us\/","name":"Contact Us - Ristoro Vegano","isPartOf":{"@id":"https:\/\/www.ristorovegano.it\/en\/#website"},"primaryImageOfPage":{"@id":"https:\/\/www.ristorovegano.it\/en\/contact-us\/#primaryimage"},"image":{"@id":"https:\/\/www.ristorovegano.it\/en\/contact-us\/#primaryimage"},"thumbnailUrl":"https:\/\/www.ristorovegano.it\/wp-content\/uploads\/2025\/01\/ingresso-IMG_3868-mod-768x1024.jpg","datePublished":"2025-01-09T17:01:27+00:00","dateModified":"2026-02-25T14:31:21+00:00","description":"Aperti a pranzo da Marted\u00ec a Venerd\u00ec dalle 12:00 alle 14:30. Sabato e Domenica dalle 13:00 alle 14:30, su prenotazione. Natural Coworking da Marted\u00ec a Venerd\u00ec dalle 9:30 alle 16:30.","breadcrumb":{"@id":"https:\/\/www.ristorovegano.it\/en\/contact-us\/#breadcrumb"},"inLanguage":"en-US","potentialAction":[{"@type":"ReadAction","target":["https:\/\/www.ristorovegano.it\/en\/contact-us\/"]}]},{"@type":"ImageObject","inLanguage":"en-US","@id":"https:\/\/www.ristorovegano.it\/en\/contact-us\/#primaryimage","url":"https:\/\/www.ristorovegano.it\/wp-content\/uploads\/2025\/01\/ingresso-IMG_3868-mod-768x1024.jpg","contentUrl":"https:\/\/www.ristorovegano.it\/wp-content\/uploads\/2025\/01\/ingresso-IMG_3868-mod-768x1024.jpg"},{"@type":"BreadcrumbList","@id":"https:\/\/www.ristorovegano.it\/en\/contact-us\/#breadcrumb","itemListElement":[{"@type":"ListItem","position":1,"name":"Home","item":"https:\/\/www.ristorovegano.it\/en\/"},{"@type":"ListItem","position":2,"name":"Contact Us"}]},{"@type":"WebSite","@id":"https:\/\/www.ristorovegano.it\/en\/#website","url":"https:\/\/www.ristorovegano.it\/en\/","name":"Ristoro Vegano","description":"Energia Vitale","publisher":{"@id":"https:\/\/www.ristorovegano.it\/en\/#organization"},"potentialAction":[{"@type":"SearchAction","target":{"@type":"EntryPoint","urlTemplate":"https:\/\/www.ristorovegano.it\/en\/?s={search_term_string}"},"query-input":{"@type":"PropertyValueSpecification","valueRequired":true,"valueName":"search_term_string"}}],"inLanguage":"en-US"},{"@type":"Organization","@id":"https:\/\/www.ristorovegano.it\/en\/#organization","name":"Ristoro Vegano","url":"https:\/\/www.ristorovegano.it\/en\/","logo":{"@type":"ImageObject","inLanguage":"en-US","@id":"https:\/\/www.ristorovegano.it\/en\/#\/schema\/logo\/image\/","url":"https:\/\/www.ristorovegano.it\/wp-content\/uploads\/2023\/09\/cropped-230919_Ristoro_Vegano_1_OK.png","contentUrl":"https:\/\/www.ristorovegano.it\/wp-content\/uploads\/2023\/09\/cropped-230919_Ristoro_Vegano_1_OK.png","width":2290,"height":2174,"caption":"Ristoro Vegano"},"image":{"@id":"https:\/\/www.ristorovegano.it\/en\/#\/schema\/logo\/image\/"}}]}},"_links":{"self":[{"href":"https:\/\/www.ristorovegano.it\/en\/wp-json\/wp\/v2\/pages\/6911","targetHints":{"allow":["GET"]}}],"collection":[{"href":"https:\/\/www.ristorovegano.it\/en\/wp-json\/wp\/v2\/pages"}],"about":[{"href":"https:\/\/www.ristorovegano.it\/en\/wp-json\/wp\/v2\/types\/page"}],"author":[{"embeddable":true,"href":"https:\/\/www.ristorovegano.it\/en\/wp-json\/wp\/v2\/users\/2"}],"replies":[{"embeddable":true,"href":"https:\/\/www.ristorovegano.it\/en\/wp-json\/wp\/v2\/comments?post=6911"}],"version-history":[{"count":10,"href":"https:\/\/www.ristorovegano.it\/en\/wp-json\/wp\/v2\/pages\/6911\/revisions"}],"predecessor-version":[{"id":8108,"href":"https:\/\/www.ristorovegano.it\/en\/wp-json\/wp\/v2\/pages\/6911\/revisions\/8108"}],"wp:attachment":[{"href":"https:\/\/www.ristorovegano.it\/en\/wp-json\/wp\/v2\/media?parent=6911"}],"curies":[{"name":"wp","href":"https:\/\/api.w.org\/{rel}","templated":true}]}}